{"id":18,"date":"2023-04-27T11:15:04","date_gmt":"2023-04-27T14:15:04","guid":{"rendered":"https:\/\/inputmark.com.br\/isavieira\/?post_type=product&#038;p=18"},"modified":"2023-07-06T11:28:36","modified_gmt":"2023-07-06T14:28:36","slug":"blazer-feminino-preto","status":"publish","type":"product","link":"https:\/\/inputmark.com.br\/isavieira\/produto\/blazer-feminino-preto\/","title":{"rendered":"Blazer Feminino Preto"},"content":{"rendered":"<p>Tecido de alfaiataria no crepe, o Blazer Feminino Preto da Isa Veira Modas \u00e9 um modelo mais cl\u00e1ssico, por\u00e9m pode ser usado em qualquer ocasi\u00e3o.<\/p>\n<p>&nbsp;<\/p>\n<p>Cores: Preto -Branco- verde &#8211; rosa -verde lim\u00e3o<\/p>\n<p>&nbsp;<\/p>\n<p>Tamanho:<\/p>\n<p>P: (79\u00a0 busto) &#8211; 67 cm de comprimento<\/p>\n<p>M: (85 busto) &#8211; 68 cm de comprimento<\/p>\n<p>G: (93 busto) &#8211; 70 cm de comprimento<\/p>\n<p>&nbsp;<\/p>\n<p>Composi\u00e7\u00e3o do tecido:<\/p>\n<p>90%\u00a0 Viscose<\/p>\n<p>10% \u00a0Poli\u00e9ster<\/p>\n","protected":false},"excerpt":{"rendered":"<p>Tecido de alfaiataria no crepe, o Blazer Feminino Preto da Isa Veira Modas \u00e9 um modelo mais cl\u00e1ssico, por\u00e9m pode ser usado em qualquer ocasi\u00e3o. &nbsp; Cores: Preto -Branco- verde &#8211; rosa -verde lim\u00e3o &nbsp; Tamanho: P: (79\u00a0 busto) &#8211; 67 cm de comprimento M: (85 busto) &#8211; 68 cm de comprimento G: (93 busto) [&hellip;]<\/p>\n","protected":false},"featured_media":52,"comment_status":"open","ping_status":"closed","template":"","meta":[],"product_cat":[15,30],"product_tag":[],"_links":{"self":[{"href":"https:\/\/inputmark.com.br\/isavieira\/wp-json\/wp\/v2\/product\/18"}],"collection":[{"href":"https:\/\/inputmark.com.br\/isavieira\/wp-json\/wp\/v2\/product"}],"about":[{"href":"https:\/\/inputmark.com.br\/isavieira\/wp-json\/wp\/v2\/types\/product"}],"replies":[{"embeddable":true,"href":"https:\/\/inputmark.com.br\/isavieira\/wp-json\/wp\/v2\/comments?post=18"}],"wp:featuredmedia":[{"embeddable":true,"href":"https:\/\/inputmark.com.br\/isavieira\/wp-json\/wp\/v2\/media\/52"}],"wp:attachment":[{"href":"https:\/\/inputmark.com.br\/isavieira\/wp-json\/wp\/v2\/media?parent=18"}],"wp:term":[{"taxonomy":"product_cat","embeddable":true,"href":"https:\/\/inputmark.com.br\/isavieira\/wp-json\/wp\/v2\/product_cat?post=18"},{"taxonomy":"product_tag","embeddable":true,"href":"https:\/\/inputmark.com.br\/isavieira\/wp-json\/wp\/v2\/product_tag?post=18"}],"curies":[{"name":"wp","href":"https:\/\/api.w.org\/{rel}","templated":true}]}}