{"id":83,"date":"2023-05-03T19:31:11","date_gmt":"2023-05-03T22:31:11","guid":{"rendered":"https:\/\/inputmark.com.br\/isavieira\/?post_type=product&#038;p=83"},"modified":"2023-06-19T22:10:00","modified_gmt":"2023-06-20T01:10:00","slug":"blazer-feminino-azul","status":"publish","type":"product","link":"https:\/\/inputmark.com.br\/isavieira\/produto\/blazer-feminino-azul\/","title":{"rendered":"Blazer Feminino Azul"},"content":{"rendered":"<p>Tecido no linho com \u00f3timo caimento, o Blazer Feminino Azul da Isa Vieira Modas d\u00e1 um look mais despojado e moderno.<\/p>\n<p>O Brazer traz consigo extremo conforto e leveza, gra\u00e7as \u00e0 sua composi\u00e7\u00e3o de alta qualidade seu design moderno e imponente.<\/p>\n<p>&nbsp;<\/p>\n<p>Cores: Verde &#8211; azul<\/p>\n<p>&nbsp;<\/p>\n<p>Tamanhos:<\/p>\n<p>P: (93 busto) &#8211; 70cm de comprimento<\/p>\n<p>M: (96 busto) &#8211; 70cm de comprimento<\/p>\n<p>G:\u00a0 (102 busto) &#8211; 73 de comprimento<\/p>\n<p>&nbsp;<\/p>\n<p>Composi\u00e7\u00e3o do tecido:<\/p>\n<p>90%\u00a0 Viscose<\/p>\n<p>10%\u00a0\u00a0Poli\u00e9ster<\/p>\n","protected":false},"excerpt":{"rendered":"<p>Tecido no linho com \u00f3timo caimento, o Blazer Feminino Azul da Isa Vieira Modas d\u00e1 um look mais despojado e moderno. O Brazer traz consigo extremo conforto e leveza, gra\u00e7as \u00e0 sua composi\u00e7\u00e3o de alta qualidade seu design moderno e imponente. &nbsp; Cores: Verde &#8211; azul &nbsp; Tamanhos: P: (93 busto) &#8211; 70cm de comprimento [&hellip;]<\/p>\n","protected":false},"featured_media":28,"comment_status":"open","ping_status":"closed","template":"","meta":[],"product_cat":[15,30],"product_tag":[],"_links":{"self":[{"href":"https:\/\/inputmark.com.br\/isavieira\/wp-json\/wp\/v2\/product\/83"}],"collection":[{"href":"https:\/\/inputmark.com.br\/isavieira\/wp-json\/wp\/v2\/product"}],"about":[{"href":"https:\/\/inputmark.com.br\/isavieira\/wp-json\/wp\/v2\/types\/product"}],"replies":[{"embeddable":true,"href":"https:\/\/inputmark.com.br\/isavieira\/wp-json\/wp\/v2\/comments?post=83"}],"wp:featuredmedia":[{"embeddable":true,"href":"https:\/\/inputmark.com.br\/isavieira\/wp-json\/wp\/v2\/media\/28"}],"wp:attachment":[{"href":"https:\/\/inputmark.com.br\/isavieira\/wp-json\/wp\/v2\/media?parent=83"}],"wp:term":[{"taxonomy":"product_cat","embeddable":true,"href":"https:\/\/inputmark.com.br\/isavieira\/wp-json\/wp\/v2\/product_cat?post=83"},{"taxonomy":"product_tag","embeddable":true,"href":"https:\/\/inputmark.com.br\/isavieira\/wp-json\/wp\/v2\/product_tag?post=83"}],"curies":[{"name":"wp","href":"https:\/\/api.w.org\/{rel}","templated":true}]}}