{"id":85,"date":"2023-05-03T19:50:15","date_gmt":"2023-05-03T22:50:15","guid":{"rendered":"https:\/\/inputmark.com.br\/isavieira\/?post_type=product&#038;p=85"},"modified":"2023-06-19T22:07:50","modified_gmt":"2023-06-20T01:07:50","slug":"blazer-feminino-roxo-fucsia","status":"publish","type":"product","link":"https:\/\/inputmark.com.br\/isavieira\/produto\/blazer-feminino-roxo-fucsia\/","title":{"rendered":"Blazer Feminino Roxo F\u00facsia"},"content":{"rendered":"<p>Tecido de alfaiataria de alta costura com forro no cetim estampa animal print (on\u00e7a).<\/p>\n<p>O Blazer Feminino Roxo F\u00facsia da Isa Vieira Modas traz consigo extremo conforto e leveza, gra\u00e7as \u00e0 sua composi\u00e7\u00e3o de alta qualidade seu design moderno e imponente.<\/p>\n<p>Um Blazer perfeito para um look social e elegante.<\/p>\n<p>&nbsp;<\/p>\n<p>Cores: Preto -Branco- verde &#8211; rosa -verde lim\u00e3o<\/p>\n<p>&nbsp;<\/p>\n<p>Tamanho:<\/p>\n<p>P: 86 busto, cumprimento 70cm<\/p>\n<p>M: 90 busto, cumprimento 70cm<\/p>\n<p>G: 96 busto, cumprimento 70cm<\/p>\n<p>&nbsp;<\/p>\n<p>Composi\u00e7\u00e3o:\u00a0Algod\u00e3o\/linho<\/p>\n","protected":false},"excerpt":{"rendered":"<p>Tecido de alfaiataria de alta costura com forro no cetim estampa animal print (on\u00e7a). O Blazer Feminino Roxo F\u00facsia da Isa Vieira Modas traz consigo extremo conforto e leveza, gra\u00e7as \u00e0 sua composi\u00e7\u00e3o de alta qualidade seu design moderno e imponente. Um Blazer perfeito para um look social e elegante. &nbsp; Cores: Preto -Branco- verde [&hellip;]<\/p>\n","protected":false},"featured_media":49,"comment_status":"open","ping_status":"closed","template":"","meta":[],"product_cat":[15,30],"product_tag":[],"_links":{"self":[{"href":"https:\/\/inputmark.com.br\/isavieira\/wp-json\/wp\/v2\/product\/85"}],"collection":[{"href":"https:\/\/inputmark.com.br\/isavieira\/wp-json\/wp\/v2\/product"}],"about":[{"href":"https:\/\/inputmark.com.br\/isavieira\/wp-json\/wp\/v2\/types\/product"}],"replies":[{"embeddable":true,"href":"https:\/\/inputmark.com.br\/isavieira\/wp-json\/wp\/v2\/comments?post=85"}],"wp:featuredmedia":[{"embeddable":true,"href":"https:\/\/inputmark.com.br\/isavieira\/wp-json\/wp\/v2\/media\/49"}],"wp:attachment":[{"href":"https:\/\/inputmark.com.br\/isavieira\/wp-json\/wp\/v2\/media?parent=85"}],"wp:term":[{"taxonomy":"product_cat","embeddable":true,"href":"https:\/\/inputmark.com.br\/isavieira\/wp-json\/wp\/v2\/product_cat?post=85"},{"taxonomy":"product_tag","embeddable":true,"href":"https:\/\/inputmark.com.br\/isavieira\/wp-json\/wp\/v2\/product_tag?post=85"}],"curies":[{"name":"wp","href":"https:\/\/api.w.org\/{rel}","templated":true}]}}