{"id":87,"date":"2023-05-03T20:23:46","date_gmt":"2023-05-03T23:23:46","guid":{"rendered":"https:\/\/inputmark.com.br\/isavieira\/?post_type=product&#038;p=87"},"modified":"2023-06-19T22:00:59","modified_gmt":"2023-06-20T01:00:59","slug":"calca-azul-isa-vieira","status":"publish","type":"product","link":"https:\/\/inputmark.com.br\/isavieira\/produto\/calca-azul-isa-vieira\/","title":{"rendered":"Cal\u00e7a Azul Isa Vieira"},"content":{"rendered":"<p>Cal\u00e7a com detalhes de bolso atr\u00e1s. Pe\u00e7a cl\u00e1ssica e moderna!<\/p>\n<p>Cores: Azul -verde-preta<\/p>\n<p>&nbsp;<\/p>\n<p>Tamanho :<\/p>\n<p>P = veste 36\/38<\/p>\n<p>M= veste 40\/42<\/p>\n<p>G= veste\u00a0 42\/44<\/p>\n<p>&nbsp;<\/p>\n<p>Composi\u00e7\u00e3o:<\/p>\n<p>90% Viscose<\/p>\n<p>10%\u00a0Poli\u00e9ste<\/p>\n","protected":false},"excerpt":{"rendered":"<p>Cal\u00e7a com detalhes de bolso atr\u00e1s. Pe\u00e7a cl\u00e1ssica e moderna! Cores: Azul -verde-preta &nbsp; Tamanho : P = veste 36\/38 M= veste 40\/42 G= veste\u00a0 42\/44 &nbsp; Composi\u00e7\u00e3o: 90% Viscose 10%\u00a0Poli\u00e9ste<\/p>\n","protected":false},"featured_media":22,"comment_status":"open","ping_status":"closed","template":"","meta":[],"product_cat":[15,33],"product_tag":[],"_links":{"self":[{"href":"https:\/\/inputmark.com.br\/isavieira\/wp-json\/wp\/v2\/product\/87"}],"collection":[{"href":"https:\/\/inputmark.com.br\/isavieira\/wp-json\/wp\/v2\/product"}],"about":[{"href":"https:\/\/inputmark.com.br\/isavieira\/wp-json\/wp\/v2\/types\/product"}],"replies":[{"embeddable":true,"href":"https:\/\/inputmark.com.br\/isavieira\/wp-json\/wp\/v2\/comments?post=87"}],"wp:featuredmedia":[{"embeddable":true,"href":"https:\/\/inputmark.com.br\/isavieira\/wp-json\/wp\/v2\/media\/22"}],"wp:attachment":[{"href":"https:\/\/inputmark.com.br\/isavieira\/wp-json\/wp\/v2\/media?parent=87"}],"wp:term":[{"taxonomy":"product_cat","embeddable":true,"href":"https:\/\/inputmark.com.br\/isavieira\/wp-json\/wp\/v2\/product_cat?post=87"},{"taxonomy":"product_tag","embeddable":true,"href":"https:\/\/inputmark.com.br\/isavieira\/wp-json\/wp\/v2\/product_tag?post=87"}],"curies":[{"name":"wp","href":"https:\/\/api.w.org\/{rel}","templated":true}]}}