{"id":89,"date":"2023-05-03T20:36:43","date_gmt":"2023-05-03T23:36:43","guid":{"rendered":"https:\/\/inputmark.com.br\/isavieira\/?post_type=product&#038;p=89"},"modified":"2023-06-19T21:58:14","modified_gmt":"2023-06-20T00:58:14","slug":"calca-pantalona-isa-vieira","status":"publish","type":"product","link":"https:\/\/inputmark.com.br\/isavieira\/produto\/calca-pantalona-isa-vieira\/","title":{"rendered":"Cal\u00e7a Pantalona Isa Vieira"},"content":{"rendered":"<p>A pe\u00e7a \u00e9 confeccionada no crepe e possui forro em poli\u00e9ster.<\/p>\n<p>A proposta da Cal\u00e7a Pantalona Isa Vieira \u00e9 um look mais cl\u00e1ssico, por\u00e9m sendo usada com t\u00eanis e uma camiseta se torna aero look.<\/p>\n<p>&nbsp;<\/p>\n<p>Tamanho 38 (P) = 70cm cintura &#8211; 106cm de quadril.<\/p>\n<p>Tamanho 40 (M) = 77cm cintura &#8211; 109cm quadril<\/p>\n<p>Tamanho 42 (G) = 80cm cintura &#8211; 120cm quadril<\/p>\n<p>Tamanho 44 (GG) = 86cm cintura &#8211; 126cm quadril<\/p>\n<p>&nbsp;<\/p>\n<p>Cor: Bege &#8211; Preto &#8211; branco- verde\u00a0\u2013\u00a0vermelho<\/p>\n","protected":false},"excerpt":{"rendered":"<p>A pe\u00e7a \u00e9 confeccionada no crepe e possui forro em poli\u00e9ster. A proposta da Cal\u00e7a Pantalona Isa Vieira \u00e9 um look mais cl\u00e1ssico, por\u00e9m sendo usada com t\u00eanis e uma camiseta se torna aero look. &nbsp; Tamanho 38 (P) = 70cm cintura &#8211; 106cm de quadril. Tamanho 40 (M) = 77cm cintura &#8211; 109cm quadril [&hellip;]<\/p>\n","protected":false},"featured_media":70,"comment_status":"open","ping_status":"closed","template":"","meta":[],"product_cat":[15,33],"product_tag":[],"_links":{"self":[{"href":"https:\/\/inputmark.com.br\/isavieira\/wp-json\/wp\/v2\/product\/89"}],"collection":[{"href":"https:\/\/inputmark.com.br\/isavieira\/wp-json\/wp\/v2\/product"}],"about":[{"href":"https:\/\/inputmark.com.br\/isavieira\/wp-json\/wp\/v2\/types\/product"}],"replies":[{"embeddable":true,"href":"https:\/\/inputmark.com.br\/isavieira\/wp-json\/wp\/v2\/comments?post=89"}],"wp:featuredmedia":[{"embeddable":true,"href":"https:\/\/inputmark.com.br\/isavieira\/wp-json\/wp\/v2\/media\/70"}],"wp:attachment":[{"href":"https:\/\/inputmark.com.br\/isavieira\/wp-json\/wp\/v2\/media?parent=89"}],"wp:term":[{"taxonomy":"product_cat","embeddable":true,"href":"https:\/\/inputmark.com.br\/isavieira\/wp-json\/wp\/v2\/product_cat?post=89"},{"taxonomy":"product_tag","embeddable":true,"href":"https:\/\/inputmark.com.br\/isavieira\/wp-json\/wp\/v2\/product_tag?post=89"}],"curies":[{"name":"wp","href":"https:\/\/api.w.org\/{rel}","templated":true}]}}