{"id":93,"date":"2023-05-05T19:25:57","date_gmt":"2023-05-05T22:25:57","guid":{"rendered":"https:\/\/inputmark.com.br\/isavieira\/?post_type=product&#038;p=93"},"modified":"2023-06-19T21:55:42","modified_gmt":"2023-06-20T00:55:42","slug":"calca-pantalona-fucsia","status":"publish","type":"product","link":"https:\/\/inputmark.com.br\/isavieira\/produto\/calca-pantalona-fucsia\/","title":{"rendered":"Cal\u00e7a Pantalona F\u00facsia"},"content":{"rendered":"<p>Uma cal\u00e7a despojada com bolsos. A pe\u00e7a est\u00e1 super charmosa. Tecido no linho.<\/p>\n<p>&nbsp;<\/p>\n<p>Tamanho: P = cintura: 64cm \/ Quadril: 104cm &#8211; cumprimento: 107 cm<\/p>\n<p>Tamanho:\u00a0 G = cintura 75cm \/ Quadril 115cm &#8211; cumprimento: 110 cm<\/p>\n<p>&nbsp;<\/p>\n<p>composi\u00e7\u00e3o : 90% viscose<\/p>\n<p>10%poli\u00e9ster<\/p>\n<p>&nbsp;<\/p>\n<p>cores : Preto &#8211; branco &#8211; verde-vermelho\u00a0&#8211;\u00a0roxo\u00a0F\u00facsia<\/p>\n","protected":false},"excerpt":{"rendered":"<p>Uma cal\u00e7a despojada com bolsos. A pe\u00e7a est\u00e1 super charmosa. Tecido no linho. &nbsp; Tamanho: P = cintura: 64cm \/ Quadril: 104cm &#8211; cumprimento: 107 cm Tamanho:\u00a0 G = cintura 75cm \/ Quadril 115cm &#8211; cumprimento: 110 cm &nbsp; composi\u00e7\u00e3o : 90% viscose 10%poli\u00e9ster &nbsp; cores : Preto &#8211; branco &#8211; verde-vermelho\u00a0&#8211;\u00a0roxo\u00a0F\u00facsia<\/p>\n","protected":false},"featured_media":19,"comment_status":"open","ping_status":"closed","template":"","meta":[],"product_cat":[15,33],"product_tag":[],"_links":{"self":[{"href":"https:\/\/inputmark.com.br\/isavieira\/wp-json\/wp\/v2\/product\/93"}],"collection":[{"href":"https:\/\/inputmark.com.br\/isavieira\/wp-json\/wp\/v2\/product"}],"about":[{"href":"https:\/\/inputmark.com.br\/isavieira\/wp-json\/wp\/v2\/types\/product"}],"replies":[{"embeddable":true,"href":"https:\/\/inputmark.com.br\/isavieira\/wp-json\/wp\/v2\/comments?post=93"}],"wp:featuredmedia":[{"embeddable":true,"href":"https:\/\/inputmark.com.br\/isavieira\/wp-json\/wp\/v2\/media\/19"}],"wp:attachment":[{"href":"https:\/\/inputmark.com.br\/isavieira\/wp-json\/wp\/v2\/media?parent=93"}],"wp:term":[{"taxonomy":"product_cat","embeddable":true,"href":"https:\/\/inputmark.com.br\/isavieira\/wp-json\/wp\/v2\/product_cat?post=93"},{"taxonomy":"product_tag","embeddable":true,"href":"https:\/\/inputmark.com.br\/isavieira\/wp-json\/wp\/v2\/product_tag?post=93"}],"curies":[{"name":"wp","href":"https:\/\/api.w.org\/{rel}","templated":true}]}}