{"id":94,"date":"2023-05-05T19:38:28","date_gmt":"2023-05-05T22:38:28","guid":{"rendered":"https:\/\/inputmark.com.br\/isavieira\/?post_type=product&#038;p=94"},"modified":"2023-07-06T11:28:38","modified_gmt":"2023-07-06T14:28:38","slug":"calca-preta-isa-vieira","status":"publish","type":"product","link":"https:\/\/inputmark.com.br\/isavieira\/produto\/calca-preta-isa-vieira\/","title":{"rendered":"Cal\u00e7a Preta Isa Vieira"},"content":{"rendered":"<p>Essa cal\u00e7a \u00e9 uma pe\u00e7a despojada e esporte fino! Pode ser usada tamb\u00e9m com t\u00eanis para um look despojado.<\/p>\n<p>&nbsp;<\/p>\n<p>Cores: Preto- Branco- caramelo &#8211; verde militar &#8211; rosa<\/p>\n<p>&nbsp;<\/p>\n<p>Tamanho :<\/p>\n<p>P = veste 36\/38<\/p>\n<p>M= veste 40\/42<\/p>\n<p>G= veste 42\/44<\/p>\n<p>GG= veste 44<\/p>\n<p>&nbsp;<\/p>\n<p>Composi\u00e7\u00e3o: 97% Algod\u00e3o<\/p>\n<p>3%\u00a0elastano<\/p>\n","protected":false},"excerpt":{"rendered":"<p>Essa cal\u00e7a \u00e9 uma pe\u00e7a despojada e esporte fino! Pode ser usada tamb\u00e9m com t\u00eanis para um look despojado. &nbsp; Cores: Preto- Branco- caramelo &#8211; verde militar &#8211; rosa &nbsp; Tamanho : P = veste 36\/38 M= veste 40\/42 G= veste 42\/44 GG= veste 44 &nbsp; Composi\u00e7\u00e3o: 97% Algod\u00e3o 3%\u00a0elastano<\/p>\n","protected":false},"featured_media":36,"comment_status":"open","ping_status":"closed","template":"","meta":[],"product_cat":[15,33],"product_tag":[],"_links":{"self":[{"href":"https:\/\/inputmark.com.br\/isavieira\/wp-json\/wp\/v2\/product\/94"}],"collection":[{"href":"https:\/\/inputmark.com.br\/isavieira\/wp-json\/wp\/v2\/product"}],"about":[{"href":"https:\/\/inputmark.com.br\/isavieira\/wp-json\/wp\/v2\/types\/product"}],"replies":[{"embeddable":true,"href":"https:\/\/inputmark.com.br\/isavieira\/wp-json\/wp\/v2\/comments?post=94"}],"wp:featuredmedia":[{"embeddable":true,"href":"https:\/\/inputmark.com.br\/isavieira\/wp-json\/wp\/v2\/media\/36"}],"wp:attachment":[{"href":"https:\/\/inputmark.com.br\/isavieira\/wp-json\/wp\/v2\/media?parent=94"}],"wp:term":[{"taxonomy":"product_cat","embeddable":true,"href":"https:\/\/inputmark.com.br\/isavieira\/wp-json\/wp\/v2\/product_cat?post=94"},{"taxonomy":"product_tag","embeddable":true,"href":"https:\/\/inputmark.com.br\/isavieira\/wp-json\/wp\/v2\/product_tag?post=94"}],"curies":[{"name":"wp","href":"https:\/\/api.w.org\/{rel}","templated":true}]}}