{"id":96,"date":"2023-05-05T20:00:54","date_gmt":"2023-05-05T23:00:54","guid":{"rendered":"https:\/\/inputmark.com.br\/isavieira\/?post_type=product&#038;p=96"},"modified":"2023-06-19T20:49:30","modified_gmt":"2023-06-19T23:49:30","slug":"blusa-classica-em-estampa-geometrica","status":"publish","type":"product","link":"https:\/\/inputmark.com.br\/isavieira\/produto\/blusa-classica-em-estampa-geometrica\/","title":{"rendered":"Blusa Cl\u00e1ssica Em Estampa Geom\u00e9trica"},"content":{"rendered":"<p>Blusa Cl\u00e1ssica em estamos geom\u00e9trica. Uma pe\u00e7a moderna e elegante.<\/p>\n<p>&nbsp;<\/p>\n<p>Cores: Laranja &#8211; branco &#8211; bege &#8211; preto<\/p>\n<p>&nbsp;<\/p>\n<p>Tamanho:<\/p>\n<p>P &#8211; M &#8211; G &#8211; GG<\/p>\n<p>Composi\u00e7\u00e3o:\u00a0100%\u00a0Poli\u00e9ster<\/p>\n","protected":false},"excerpt":{"rendered":"<p>Blusa Cl\u00e1ssica em estamos geom\u00e9trica. Uma pe\u00e7a moderna e elegante. &nbsp; Cores: Laranja &#8211; branco &#8211; bege &#8211; preto &nbsp; Tamanho: P &#8211; M &#8211; G &#8211; GG Composi\u00e7\u00e3o:\u00a0100%\u00a0Poli\u00e9ster<\/p>\n","protected":false},"featured_media":75,"comment_status":"open","ping_status":"closed","template":"","meta":[],"product_cat":[15,38],"product_tag":[],"_links":{"self":[{"href":"https:\/\/inputmark.com.br\/isavieira\/wp-json\/wp\/v2\/product\/96"}],"collection":[{"href":"https:\/\/inputmark.com.br\/isavieira\/wp-json\/wp\/v2\/product"}],"about":[{"href":"https:\/\/inputmark.com.br\/isavieira\/wp-json\/wp\/v2\/types\/product"}],"replies":[{"embeddable":true,"href":"https:\/\/inputmark.com.br\/isavieira\/wp-json\/wp\/v2\/comments?post=96"}],"wp:featuredmedia":[{"embeddable":true,"href":"https:\/\/inputmark.com.br\/isavieira\/wp-json\/wp\/v2\/media\/75"}],"wp:attachment":[{"href":"https:\/\/inputmark.com.br\/isavieira\/wp-json\/wp\/v2\/media?parent=96"}],"wp:term":[{"taxonomy":"product_cat","embeddable":true,"href":"https:\/\/inputmark.com.br\/isavieira\/wp-json\/wp\/v2\/product_cat?post=96"},{"taxonomy":"product_tag","embeddable":true,"href":"https:\/\/inputmark.com.br\/isavieira\/wp-json\/wp\/v2\/product_tag?post=96"}],"curies":[{"name":"wp","href":"https:\/\/api.w.org\/{rel}","templated":true}]}}