{"id":97,"date":"2023-05-05T20:06:31","date_gmt":"2023-05-05T23:06:31","guid":{"rendered":"https:\/\/inputmark.com.br\/isavieira\/?post_type=product&#038;p=97"},"modified":"2023-06-19T22:13:37","modified_gmt":"2023-06-20T01:13:37","slug":"macacao-alfaiataria-isa-vieira","status":"publish","type":"product","link":"https:\/\/inputmark.com.br\/isavieira\/produto\/macacao-alfaiataria-isa-vieira\/","title":{"rendered":"Macac\u00e3o Alfaiataria Isa Vieira"},"content":{"rendered":"<p>O modelo \u00e9 cl\u00e1ssico e social em Alfaiataria, tem o caimento perfeito.<\/p>\n<p>&nbsp;<\/p>\n<p>Cores : terracota &#8211; ros\u00ea<\/p>\n<p>&nbsp;<\/p>\n<p>Tamanho:G<\/p>\n<p>&nbsp;<\/p>\n<p>Composi\u00e7\u00e3o : 100% Poli\u00e9ster<\/p>\n<p>pre\u00e7o : 180,00<\/p>\n","protected":false},"excerpt":{"rendered":"<p>O modelo \u00e9 cl\u00e1ssico e social em Alfaiataria, tem o caimento perfeito. &nbsp; Cores : terracota &#8211; ros\u00ea &nbsp; Tamanho:G &nbsp; Composi\u00e7\u00e3o : 100% Poli\u00e9ster pre\u00e7o : 180,00<\/p>\n","protected":false},"featured_media":58,"comment_status":"open","ping_status":"closed","template":"","meta":[],"product_cat":[15,41],"product_tag":[],"_links":{"self":[{"href":"https:\/\/inputmark.com.br\/isavieira\/wp-json\/wp\/v2\/product\/97"}],"collection":[{"href":"https:\/\/inputmark.com.br\/isavieira\/wp-json\/wp\/v2\/product"}],"about":[{"href":"https:\/\/inputmark.com.br\/isavieira\/wp-json\/wp\/v2\/types\/product"}],"replies":[{"embeddable":true,"href":"https:\/\/inputmark.com.br\/isavieira\/wp-json\/wp\/v2\/comments?post=97"}],"wp:featuredmedia":[{"embeddable":true,"href":"https:\/\/inputmark.com.br\/isavieira\/wp-json\/wp\/v2\/media\/58"}],"wp:attachment":[{"href":"https:\/\/inputmark.com.br\/isavieira\/wp-json\/wp\/v2\/media?parent=97"}],"wp:term":[{"taxonomy":"product_cat","embeddable":true,"href":"https:\/\/inputmark.com.br\/isavieira\/wp-json\/wp\/v2\/product_cat?post=97"},{"taxonomy":"product_tag","embeddable":true,"href":"https:\/\/inputmark.com.br\/isavieira\/wp-json\/wp\/v2\/product_tag?post=97"}],"curies":[{"name":"wp","href":"https:\/\/api.w.org\/{rel}","templated":true}]}}