{"id":99,"date":"2023-05-05T20:47:46","date_gmt":"2023-05-05T23:47:46","guid":{"rendered":"https:\/\/inputmark.com.br\/isavieira\/?post_type=product&#038;p=99"},"modified":"2023-07-06T11:40:30","modified_gmt":"2023-07-06T14:40:30","slug":"blusa-blue-isa-vieira","status":"publish","type":"product","link":"https:\/\/inputmark.com.br\/isavieira\/produto\/blusa-blue-isa-vieira\/","title":{"rendered":"Blusa Blue Isa Vieira"},"content":{"rendered":"<p>Blusa estampa azul no tecido de crepe. O modelo atemporal tem um \u00f3timo caimento e leveza.<\/p>\n<p>&nbsp;<\/p>\n<p>Tamanhos: P-M-G-GG<\/p>\n<p>&nbsp;<\/p>\n<p>Composi\u00e7\u00e3o: 100% Poli\u00e9ster<\/p>\n","protected":false},"excerpt":{"rendered":"<p>Blusa estampa azul no tecido de crepe. O modelo atemporal tem um \u00f3timo caimento e leveza. &nbsp; Tamanhos: P-M-G-GG &nbsp; Composi\u00e7\u00e3o: 100% Poli\u00e9ster<\/p>\n","protected":false},"featured_media":32,"comment_status":"open","ping_status":"closed","template":"","meta":[],"product_cat":[15,38],"product_tag":[],"_links":{"self":[{"href":"https:\/\/inputmark.com.br\/isavieira\/wp-json\/wp\/v2\/product\/99"}],"collection":[{"href":"https:\/\/inputmark.com.br\/isavieira\/wp-json\/wp\/v2\/product"}],"about":[{"href":"https:\/\/inputmark.com.br\/isavieira\/wp-json\/wp\/v2\/types\/product"}],"replies":[{"embeddable":true,"href":"https:\/\/inputmark.com.br\/isavieira\/wp-json\/wp\/v2\/comments?post=99"}],"wp:featuredmedia":[{"embeddable":true,"href":"https:\/\/inputmark.com.br\/isavieira\/wp-json\/wp\/v2\/media\/32"}],"wp:attachment":[{"href":"https:\/\/inputmark.com.br\/isavieira\/wp-json\/wp\/v2\/media?parent=99"}],"wp:term":[{"taxonomy":"product_cat","embeddable":true,"href":"https:\/\/inputmark.com.br\/isavieira\/wp-json\/wp\/v2\/product_cat?post=99"},{"taxonomy":"product_tag","embeddable":true,"href":"https:\/\/inputmark.com.br\/isavieira\/wp-json\/wp\/v2\/product_tag?post=99"}],"curies":[{"name":"wp","href":"https:\/\/api.w.org\/{rel}","templated":true}]}}